{"id":3819,"date":"2025-08-17T08:29:17","date_gmt":"2025-08-17T07:29:17","guid":{"rendered":"https:\/\/xn--blstakammarkr-pfb0y.se\/?page_id=3819"},"modified":"2026-02-01T20:17:38","modified_gmt":"2026-02-01T19:17:38","slug":"aktuellt","status":"publish","type":"page","link":"https:\/\/xn--blstakammarkr-pfb0y.se\/?page_id=3819","title":{"rendered":"2025 \u00e5rs julkonsert"},"content":{"rendered":"\n<p><\/p>\n\n\n\n<p><\/p>\n\n\n\n<p>29\/11 Kl 1500 Julkonsert i Frideg\u00e5rdsaulan, B\u00e5lsta.<\/p>\n\n\n<div class=\"wp-block-image\">\n<figure class=\"aligncenter size-large\"><img loading=\"lazy\" decoding=\"async\" width=\"725\" height=\"1024\" src=\"https:\/\/xn--blstakammarkr-pfb0y.se\/wp-content\/uploads\/2025\/11\/Skarmbild-2025-11-09-205721-725x1024.png\" alt=\"\" class=\"wp-image-4059\" srcset=\"https:\/\/xn--blstakammarkr-pfb0y.se\/wp-content\/uploads\/2025\/11\/Skarmbild-2025-11-09-205721-725x1024.png 725w, https:\/\/xn--blstakammarkr-pfb0y.se\/wp-content\/uploads\/2025\/11\/Skarmbild-2025-11-09-205721-212x300.png 212w, https:\/\/xn--blstakammarkr-pfb0y.se\/wp-content\/uploads\/2025\/11\/Skarmbild-2025-11-09-205721-768x1084.png 768w, https:\/\/xn--blstakammarkr-pfb0y.se\/wp-content\/uploads\/2025\/11\/Skarmbild-2025-11-09-205721-1088x1536.png 1088w, https:\/\/xn--blstakammarkr-pfb0y.se\/wp-content\/uploads\/2025\/11\/Skarmbild-2025-11-09-205721.png 1216w\" sizes=\"auto, (max-width: 725px) 100vw, 725px\" \/><\/figure>\n<\/div>\n\n\n<figure class=\"wp-block-embed is-type-video is-provider-youtube wp-block-embed-youtube wp-embed-aspect-16-9 wp-has-aspect-ratio\"><div class=\"wp-block-embed__wrapper\">\n<iframe loading=\"lazy\" title=\"B\u00e5lsta Kammark\u00f6rs Julkonsert 20251129 i Frideg\u00e5rdsaulan, B\u00e5lsta\" width=\"474\" height=\"267\" src=\"https:\/\/www.youtube.com\/embed\/jObfqc0fSAg?feature=oembed\" frameborder=\"0\" allow=\"accelerometer; autoplay; clipboard-write; encrypted-media; gyroscope; picture-in-picture; web-share\" referrerpolicy=\"strict-origin-when-cross-origin\" allowfullscreen><\/iframe>\n<\/div><\/figure>\n","protected":false},"excerpt":{"rendered":"<p>29\/11 Kl 1500 Julkonsert i Frideg\u00e5rdsaulan, B\u00e5lsta.<\/p>\n","protected":false},"author":1,"featured_media":0,"parent":0,"menu_order":0,"comment_status":"closed","ping_status":"closed","template":"","meta":{"footnotes":""},"class_list":["post-3819","page","type-page","status-publish","hentry"],"_links":{"self":[{"href":"https:\/\/xn--blstakammarkr-pfb0y.se\/index.php?rest_route=\/wp\/v2\/pages\/3819","targetHints":{"allow":["GET"]}}],"collection":[{"href":"https:\/\/xn--blstakammarkr-pfb0y.se\/index.php?rest_route=\/wp\/v2\/pages"}],"about":[{"href":"https:\/\/xn--blstakammarkr-pfb0y.se\/index.php?rest_route=\/wp\/v2\/types\/page"}],"author":[{"embeddable":true,"href":"https:\/\/xn--blstakammarkr-pfb0y.se\/index.php?rest_route=\/wp\/v2\/users\/1"}],"replies":[{"embeddable":true,"href":"https:\/\/xn--blstakammarkr-pfb0y.se\/index.php?rest_route=%2Fwp%2Fv2%2Fcomments&post=3819"}],"version-history":[{"count":11,"href":"https:\/\/xn--blstakammarkr-pfb0y.se\/index.php?rest_route=\/wp\/v2\/pages\/3819\/revisions"}],"predecessor-version":[{"id":4232,"href":"https:\/\/xn--blstakammarkr-pfb0y.se\/index.php?rest_route=\/wp\/v2\/pages\/3819\/revisions\/4232"}],"wp:attachment":[{"href":"https:\/\/xn--blstakammarkr-pfb0y.se\/index.php?rest_route=%2Fwp%2Fv2%2Fmedia&parent=3819"}],"curies":[{"name":"wp","href":"https:\/\/api.w.org\/{rel}","templated":true}]}}