{"id":3593,"date":"2024-10-14T12:40:10","date_gmt":"2024-10-14T10:40:10","guid":{"rendered":"https:\/\/www.balstakammarkor.se\/?page_id=3593"},"modified":"2025-08-27T18:10:49","modified_gmt":"2025-08-27T17:10:49","slug":"hostfarger","status":"publish","type":"page","link":"https:\/\/xn--blstakammarkr-pfb0y.se\/?page_id=3593","title":{"rendered":"H\u00f6stf\u00e4rger"},"content":{"rendered":"\n<figure class=\"wp-block-image is-resized\"><img decoding=\"async\" src=\"https:\/\/www.balstakammarkor.se\/wp-content\/uploads\/2024\/10\/ho\u0308stfa\u0308rger.jpeg\" alt=\"\" class=\"wp-image-3594\" style=\"width:490px;height:326px\"\/><\/figure>\n\n\n\n<figure class=\"wp-block-table\"><table><tbody><tr><td><strong>N\u00e4r<\/strong><\/td><td>20 Oktober 2024<\/td><\/tr><tr><td><strong>Var<\/strong><\/td><td>Vaksala Kyrka<\/td><\/tr><tr><td><strong>Pris<\/strong><\/td><td>Fri entr\u00e9<\/td><\/tr><\/tbody><\/table><\/figure>\n\n\n\n<p>H\u00f6stf\u00e4rger &#8211; k\u00f6rkonsert i Vaksala kyrka<br> B\u00e5lsta kammark\u00f6r bjuder p\u00e5 stycken av Bach och von Koch. <br> Gunnar Klum dirigerar och Gun Dovelius ackompanjerar.<br> Fri entr\u00e9, kollekt till musikverksamheten i Vaksala f\u00f6rsamling.<\/p>\n\n\n\n<p><\/p>\n","protected":false},"excerpt":{"rendered":"<p>N\u00e4r 20 Oktober 2024 Var Vaksala Kyrka Pris Fri entr\u00e9 H\u00f6stf\u00e4rger &#8211; k\u00f6rkonsert i Vaksala kyrka B\u00e5lsta kammark\u00f6r bjuder p\u00e5 stycken av Bach och von Koch. Gunnar Klum dirigerar och Gun Dovelius ackompanjerar. Fri entr\u00e9, kollekt till musikverksamheten i Vaksala f\u00f6rsamling.<\/p>\n","protected":false},"author":1,"featured_media":0,"parent":3577,"menu_order":0,"comment_status":"closed","ping_status":"closed","template":"","meta":{"footnotes":""},"class_list":["post-3593","page","type-page","status-publish","hentry"],"_links":{"self":[{"href":"https:\/\/xn--blstakammarkr-pfb0y.se\/index.php?rest_route=\/wp\/v2\/pages\/3593","targetHints":{"allow":["GET"]}}],"collection":[{"href":"https:\/\/xn--blstakammarkr-pfb0y.se\/index.php?rest_route=\/wp\/v2\/pages"}],"about":[{"href":"https:\/\/xn--blstakammarkr-pfb0y.se\/index.php?rest_route=\/wp\/v2\/types\/page"}],"author":[{"embeddable":true,"href":"https:\/\/xn--blstakammarkr-pfb0y.se\/index.php?rest_route=\/wp\/v2\/users\/1"}],"replies":[{"embeddable":true,"href":"https:\/\/xn--blstakammarkr-pfb0y.se\/index.php?rest_route=%2Fwp%2Fv2%2Fcomments&post=3593"}],"version-history":[{"count":1,"href":"https:\/\/xn--blstakammarkr-pfb0y.se\/index.php?rest_route=\/wp\/v2\/pages\/3593\/revisions"}],"predecessor-version":[{"id":3937,"href":"https:\/\/xn--blstakammarkr-pfb0y.se\/index.php?rest_route=\/wp\/v2\/pages\/3593\/revisions\/3937"}],"up":[{"embeddable":true,"href":"https:\/\/xn--blstakammarkr-pfb0y.se\/index.php?rest_route=\/wp\/v2\/pages\/3577"}],"wp:attachment":[{"href":"https:\/\/xn--blstakammarkr-pfb0y.se\/index.php?rest_route=%2Fwp%2Fv2%2Fmedia&parent=3593"}],"curies":[{"name":"wp","href":"https:\/\/api.w.org\/{rel}","templated":true}]}}