{"id":3577,"date":"2024-10-14T12:44:48","date_gmt":"2024-10-14T10:44:48","guid":{"rendered":"https:\/\/www.balstakammarkor.se\/?page_id=3577"},"modified":"2025-09-16T13:50:19","modified_gmt":"2025-09-16T12:50:19","slug":"evenemang","status":"publish","type":"page","link":"https:\/\/xn--blstakammarkr-pfb0y.se\/?page_id=3577","title":{"rendered":"Jorden vi \u00e4rvde"},"content":{"rendered":"<div class=\"wp-block-image\">\n<figure class=\"aligncenter size-large\"><img loading=\"lazy\" decoding=\"async\" width=\"725\" height=\"1024\" src=\"https:\/\/xn--blstakammarkr-pfb0y.se\/wp-content\/uploads\/2025\/09\/Skarmbild-2025-09-16-144420-725x1024.png\" alt=\"\" class=\"wp-image-3976\" srcset=\"https:\/\/xn--blstakammarkr-pfb0y.se\/wp-content\/uploads\/2025\/09\/Skarmbild-2025-09-16-144420-725x1024.png 725w, https:\/\/xn--blstakammarkr-pfb0y.se\/wp-content\/uploads\/2025\/09\/Skarmbild-2025-09-16-144420-212x300.png 212w, https:\/\/xn--blstakammarkr-pfb0y.se\/wp-content\/uploads\/2025\/09\/Skarmbild-2025-09-16-144420-768x1085.png 768w, https:\/\/xn--blstakammarkr-pfb0y.se\/wp-content\/uploads\/2025\/09\/Skarmbild-2025-09-16-144420-1088x1536.png 1088w, https:\/\/xn--blstakammarkr-pfb0y.se\/wp-content\/uploads\/2025\/09\/Skarmbild-2025-09-16-144420.png 1147w\" sizes=\"auto, (max-width: 725px) 100vw, 725px\" \/><\/figure>\n<\/div>\n\n\n<h2 class=\"wp-block-heading\">5 April 2025 kl. 15.00<br><\/h2>\n\n\n\n<p>V\u00e4lkommen till en kulturupplevelse att minnas! I en tankev\u00e4ckande f\u00f6rest\u00e4llning m\u00f6ter B\u00e5lsta Kammark\u00f6r fotografen, konstn\u00e4ren och filmskaparen Mattias Klum.&nbsp;Ackompanjerat av Andreas Kreuger f\u00e5r du uppleva k\u00f6rmusik p\u00e5 ett helt nytt s\u00e4tt! S\u00e4kra dina biljetter p\u00e5 Kulturbiljetter.se Plats: Frideg\u00e5rdsscenen i B\u00e5lsta N\u00e4r: Kl 15:00 den 5 April. Eventuellt \u00f6verblivna biljetter s\u00e4ljs vid entr\u00e9n &#8211; endast swish!<\/p>\n\n\n\n<p><\/p>\n\n\n\n<h2 class=\"wp-block-heading\"><\/h2>\n\n\n\n<p><\/p>\n","protected":false},"excerpt":{"rendered":"<p>5 April 2025 kl. 15.00 V\u00e4lkommen till en kulturupplevelse att minnas! I en tankev\u00e4ckande f\u00f6rest\u00e4llning m\u00f6ter B\u00e5lsta Kammark\u00f6r fotografen, konstn\u00e4ren och filmskaparen Mattias Klum.&nbsp;Ackompanjerat av Andreas Kreuger f\u00e5r du uppleva k\u00f6rmusik p\u00e5 ett helt nytt s\u00e4tt! S\u00e4kra dina biljetter p\u00e5 Kulturbiljetter.se Plats: Frideg\u00e5rdsscenen i B\u00e5lsta N\u00e4r: Kl 15:00 den 5 April. Eventuellt \u00f6verblivna biljetter s\u00e4ljs &hellip; <a href=\"https:\/\/xn--blstakammarkr-pfb0y.se\/?page_id=3577\" class=\"more-link\">Forts\u00e4tt l\u00e4sa <span class=\"screen-reader-text\">Jorden vi \u00e4rvde<\/span> <span class=\"meta-nav\">&rarr;<\/span><\/a><\/p>\n","protected":false},"author":1,"featured_media":0,"parent":0,"menu_order":0,"comment_status":"closed","ping_status":"closed","template":"","meta":{"footnotes":""},"class_list":["post-3577","page","type-page","status-publish","hentry"],"_links":{"self":[{"href":"https:\/\/xn--blstakammarkr-pfb0y.se\/index.php?rest_route=\/wp\/v2\/pages\/3577","targetHints":{"allow":["GET"]}}],"collection":[{"href":"https:\/\/xn--blstakammarkr-pfb0y.se\/index.php?rest_route=\/wp\/v2\/pages"}],"about":[{"href":"https:\/\/xn--blstakammarkr-pfb0y.se\/index.php?rest_route=\/wp\/v2\/types\/page"}],"author":[{"embeddable":true,"href":"https:\/\/xn--blstakammarkr-pfb0y.se\/index.php?rest_route=\/wp\/v2\/users\/1"}],"replies":[{"embeddable":true,"href":"https:\/\/xn--blstakammarkr-pfb0y.se\/index.php?rest_route=%2Fwp%2Fv2%2Fcomments&post=3577"}],"version-history":[{"count":5,"href":"https:\/\/xn--blstakammarkr-pfb0y.se\/index.php?rest_route=\/wp\/v2\/pages\/3577\/revisions"}],"predecessor-version":[{"id":3980,"href":"https:\/\/xn--blstakammarkr-pfb0y.se\/index.php?rest_route=\/wp\/v2\/pages\/3577\/revisions\/3980"}],"wp:attachment":[{"href":"https:\/\/xn--blstakammarkr-pfb0y.se\/index.php?rest_route=%2Fwp%2Fv2%2Fmedia&parent=3577"}],"curies":[{"name":"wp","href":"https:\/\/api.w.org\/{rel}","templated":true}]}}