{"id":2,"date":"2025-08-26T20:49:42","date_gmt":"2025-08-26T19:49:42","guid":{"rendered":"https:\/\/xn--blstakammarkr-pfb0y.se\/?page_id=2"},"modified":"2025-09-09T13:11:17","modified_gmt":"2025-09-09T12:11:17","slug":"sample-page","status":"publish","type":"page","link":"https:\/\/xn--blstakammarkr-pfb0y.se\/?page_id=2","title":{"rendered":"Kontakt"},"content":{"rendered":"\n<p><\/p>\n\n\n\n<p>K\u00f6rledare: Gunnar Klum, tel: 0707 720 954<\/p>\n\n\n\n<p>Ordf\u00f6rande: Maarten Koch<\/p>\n\n\n\n<p>Sekreterare: Sofia Vassback<\/p>\n\n\n\n<p>Kass\u00f6r: Markus Ifverberg<\/p>\n\n\n\n<p>epost till alla ovanst\u00e5ende: <a href=\"mailto:kontakt@xn--blstakammarkr-pfb0y.se\">kontakt@b\u00e5lstakammark\u00f6r.se<\/a><\/p>\n\n\n\n<p><\/p>\n","protected":false},"excerpt":{"rendered":"<p>K\u00f6rledare: Gunnar Klum, tel: 0707 720 954 Ordf\u00f6rande: Maarten Koch Sekreterare: Sofia Vassback Kass\u00f6r: Markus Ifverberg epost till alla ovanst\u00e5ende: kontakt@b\u00e5lstakammark\u00f6r.se<\/p>\n","protected":false},"author":1,"featured_media":0,"parent":0,"menu_order":0,"comment_status":"closed","ping_status":"open","template":"","meta":{"footnotes":""},"class_list":["post-2","page","type-page","status-publish","hentry"],"_links":{"self":[{"href":"https:\/\/xn--blstakammarkr-pfb0y.se\/index.php?rest_route=\/wp\/v2\/pages\/2","targetHints":{"allow":["GET"]}}],"collection":[{"href":"https:\/\/xn--blstakammarkr-pfb0y.se\/index.php?rest_route=\/wp\/v2\/pages"}],"about":[{"href":"https:\/\/xn--blstakammarkr-pfb0y.se\/index.php?rest_route=\/wp\/v2\/types\/page"}],"author":[{"embeddable":true,"href":"https:\/\/xn--blstakammarkr-pfb0y.se\/index.php?rest_route=\/wp\/v2\/users\/1"}],"replies":[{"embeddable":true,"href":"https:\/\/xn--blstakammarkr-pfb0y.se\/index.php?rest_route=%2Fwp%2Fv2%2Fcomments&post=2"}],"version-history":[{"count":3,"href":"https:\/\/xn--blstakammarkr-pfb0y.se\/index.php?rest_route=\/wp\/v2\/pages\/2\/revisions"}],"predecessor-version":[{"id":3973,"href":"https:\/\/xn--blstakammarkr-pfb0y.se\/index.php?rest_route=\/wp\/v2\/pages\/2\/revisions\/3973"}],"wp:attachment":[{"href":"https:\/\/xn--blstakammarkr-pfb0y.se\/index.php?rest_route=%2Fwp%2Fv2%2Fmedia&parent=2"}],"curies":[{"name":"wp","href":"https:\/\/api.w.org\/{rel}","templated":true}]}}