{"id":184,"date":"2016-11-22T22:07:44","date_gmt":"2016-11-22T21:07:44","guid":{"rendered":"https:\/\/www.balstakammarkor.se\/?page_id=184"},"modified":"2025-08-11T20:53:12","modified_gmt":"2025-08-11T19:53:12","slug":"dirigenten-har-ordet","status":"publish","type":"page","link":"https:\/\/xn--blstakammarkr-pfb0y.se\/?page_id=184","title":{"rendered":"GUNNAR KLUM"},"content":{"rendered":"<div class=\"wp-block-image is-style-rounded\">\n<figure class=\"aligncenter size-large\"><img loading=\"lazy\" decoding=\"async\" width=\"1024\" height=\"812\" src=\"https:\/\/xn--blstakammarkr-pfb0y.se\/wp-content\/uploads\/2016\/02\/gunnar_klum-1024x812.jpg\" alt=\"\" class=\"wp-image-3779\" srcset=\"https:\/\/xn--blstakammarkr-pfb0y.se\/wp-content\/uploads\/2016\/02\/gunnar_klum-1024x812.jpg 1024w, https:\/\/xn--blstakammarkr-pfb0y.se\/wp-content\/uploads\/2016\/02\/gunnar_klum-300x238.jpg 300w, https:\/\/xn--blstakammarkr-pfb0y.se\/wp-content\/uploads\/2016\/02\/gunnar_klum-768x609.jpg 768w, https:\/\/xn--blstakammarkr-pfb0y.se\/wp-content\/uploads\/2016\/02\/gunnar_klum-1536x1218.jpg 1536w, https:\/\/xn--blstakammarkr-pfb0y.se\/wp-content\/uploads\/2016\/02\/gunnar_klum.jpg 1744w\" sizes=\"auto, (max-width: 1024px) 100vw, 1024px\" \/><\/figure>\n<\/div>\n\n<p>Gunnar Klum \u00e4r utbildad vid musikh\u00f6gskolorna i G\u00f6teborg och Stockholm samt vid Guildhall School of Music and Drama. Tv\u00e5 g\u00e5nger har han blivit utsedd till kulturstipendiat i Uppsala stad. 2019 fick han \u00e4ven H\u00e5bo kommuns kulturstipendium. Debutskivan <em>Schubert Lieder<\/em> har blivit kritikerrosad i svensk och internationell press. Sedan 2015 \u00e4r Gunnar Klum dirigent f\u00f6r B\u00e5lsta Kammark\u00f6r.<\/p>\n<p><strong>K\u00f6rledaren har ordet<\/strong><br \/>\nJag heter Gunnar Klum och har den stora gl\u00e4djen att leda B\u00e5lsta Kammark\u00f6r. F\u00f6rutom k\u00f6rdirigent \u00e4r jag utbildad s\u00e5ngsolist och s\u00e5ngpedagog.<\/p>\n<p>Det kan inte finnas n\u00e5got b\u00e4ttre \u00e4n att&nbsp; f\u00e5 sjunga tillsammans och skapa vackra klanger. Jag har ocks\u00e5 m\u00e4rkt att k\u00f6rmedlemmar generellt uppskattar att f\u00e5 l\u00e4ra sig mer om sin egen r\u00f6st f\u00f6r att d\u00e4rigenom bli duktigare och kunna bidra mer till helheten. D\u00e4rf\u00f6r brukar jag i k\u00f6rarbetet l\u00e4gga in en del s\u00e5ng-tekniska tips n\u00e4r vi jobbar, b\u00e5de n\u00e4r det direkt efterfr\u00e5gas eller n\u00e4r jag k\u00e4nner att det beh\u00f6vs f\u00f6r helheten.<\/p>\n<p>Kammark\u00f6ren sjunger en trevlig och blandad repertoar med tonvikt p\u00e5 p\u00e4rlorna inom den klassiska repertoaren. Under terminerna tar vi oss ofta an finst\u00e4mda verk av de stora m\u00e4starna och framtr\u00e4der b\u00e5de i m\u00e4ssor och i frist\u00e5ende konserter.<\/p>\n<p>\u00c4r du sugen p\u00e5 att umg\u00e5s i ett trevligt sammanhang? Vill du att &#8221;m\u00e5-bra-hormoner&#8221; ska fl\u00f6da i din kropp? Vill du l\u00e4ra dig mer om din egen r\u00f6st och f\u00e5 sjunga tillsammans med ett h\u00e4rligt g\u00e4ng s\u00e5 \u00e4r du v\u00e4lkommen till oss.<\/p>\n<p>M\u00e4n och kvinnor i alla \u00e5ldrar \u00e4r v\u00e4lkomna!<br \/>\nGunnar Klum<\/p>\n<p>Vid kontakt ring tel nr:&nbsp; 0707720945<\/p>","protected":false},"excerpt":{"rendered":"<p>Gunnar Klum \u00e4r utbildad vid musikh\u00f6gskolorna i G\u00f6teborg och Stockholm samt vid Guildhall School of Music and Drama. Tv\u00e5 g\u00e5nger har han blivit utsedd till kulturstipendiat i Uppsala stad. 2019 fick han \u00e4ven H\u00e5bo kommuns kulturstipendium. Debutskivan Schubert Lieder har blivit kritikerrosad i svensk och internationell press. Sedan 2015 \u00e4r Gunnar Klum dirigent f\u00f6r B\u00e5lsta &hellip; <a href=\"https:\/\/xn--blstakammarkr-pfb0y.se\/?page_id=184\" class=\"more-link\">Forts\u00e4tt l\u00e4sa <span class=\"screen-reader-text\">GUNNAR KLUM<\/span> <span class=\"meta-nav\">&rarr;<\/span><\/a><\/p>\n","protected":false},"author":1,"featured_media":5,"parent":0,"menu_order":0,"comment_status":"closed","ping_status":"closed","template":"","meta":{"footnotes":""},"class_list":["post-184","page","type-page","status-publish","has-post-thumbnail","hentry"],"_links":{"self":[{"href":"https:\/\/xn--blstakammarkr-pfb0y.se\/index.php?rest_route=\/wp\/v2\/pages\/184","targetHints":{"allow":["GET"]}}],"collection":[{"href":"https:\/\/xn--blstakammarkr-pfb0y.se\/index.php?rest_route=\/wp\/v2\/pages"}],"about":[{"href":"https:\/\/xn--blstakammarkr-pfb0y.se\/index.php?rest_route=\/wp\/v2\/types\/page"}],"author":[{"embeddable":true,"href":"https:\/\/xn--blstakammarkr-pfb0y.se\/index.php?rest_route=\/wp\/v2\/users\/1"}],"replies":[{"embeddable":true,"href":"https:\/\/xn--blstakammarkr-pfb0y.se\/index.php?rest_route=%2Fwp%2Fv2%2Fcomments&post=184"}],"version-history":[{"count":2,"href":"https:\/\/xn--blstakammarkr-pfb0y.se\/index.php?rest_route=\/wp\/v2\/pages\/184\/revisions"}],"predecessor-version":[{"id":3927,"href":"https:\/\/xn--blstakammarkr-pfb0y.se\/index.php?rest_route=\/wp\/v2\/pages\/184\/revisions\/3927"}],"wp:featuredmedia":[{"embeddable":true,"href":"https:\/\/xn--blstakammarkr-pfb0y.se\/index.php?rest_route=\/wp\/v2\/global-styles\/5"}],"wp:attachment":[{"href":"https:\/\/xn--blstakammarkr-pfb0y.se\/index.php?rest_route=%2Fwp%2Fv2%2Fmedia&parent=184"}],"curies":[{"name":"wp","href":"https:\/\/api.w.org\/{rel}","templated":true}]}}