{"id":18,"date":"2016-02-09T21:57:38","date_gmt":"2016-02-09T20:57:38","guid":{"rendered":"https:\/\/www.balstakammarkor.se\/?page_id=18"},"modified":"2026-03-16T22:07:40","modified_gmt":"2026-03-16T21:07:40","slug":"om-koren","status":"publish","type":"page","link":"https:\/\/xn--blstakammarkr-pfb0y.se\/?page_id=18","title":{"rendered":"B\u00c5LSTA KAMMARK\u00d6R"},"content":{"rendered":"<p>B\u00e5lsta kammark\u00f6r \u00e4r en frist\u00e5ende k\u00f6r med n\u00e4rmast 30 s\u00e5ngare som \u00f6var en g\u00e5ng i veckan vid Bj\u00f6rks\u00e4terkyrkan i B\u00e5lsta och som har flera konserter per termin med varierande repertoar.<\/p>\n<p>Vi var en del av H\u00e5bo pastorat i drygt 40 \u00e5r. P\u00e5 sommaren 2024 best\u00e4mde k\u00f6ren att f\u00f6lja med k\u00f6rledaren Gunnar Klum och forts\u00e4tta att sjunga under hans ledning n\u00e4r han l\u00e4mnade sin tj\u00e4nst p\u00e5 pastoratet.<\/p>\n<p>Vi \u00e4r ett glatt g\u00e4ng med god sammanh\u00e5llning och m\u00e5nga av oss har varit l\u00e4nge med i k\u00f6ren. Vi har framf\u00f6rt flera av de stora klassiska k\u00f6rverken, men \u00e4ven sjungit jazz, gospel, visor och profanmusik.<\/p>\n<p>V\u00e5r k\u00f6rledare <a href=\"https:\/\/www.b\u00e5lstakammark\u00f6r.se\/?page_id=184\">Gunnar Klum<\/a> \u00e4r en v\u00e4lutbildad k\u00f6rledare, s\u00e5ngsolist och s\u00e5ngpedagog och han \u00e4r en etablerad och v\u00e4lk\u00e4nd baryton i Sverige. Han fick H\u00e5bo kommuns kulturstipendium \u00e5r 2019.<\/p>\n<p>K\u00f6ren har gjort ett flertal k\u00f6rresor genom \u00e5ren s\u00e5v\u00e4l inom landet som utomlands (nordiska l\u00e4nderna, Tyskland, Ungern, Italien, Irland, Spanien, Polen, \u00d6sterrike, Frankrike, Tjeckien) och har d\u00e4r haft uppskattade konserter.<\/p>\n<p><strong>Vill du sjunga med oss?<\/strong><\/p>\n<p>Repetitionerna \u00e4r p\u00e5 torsdagarna mellan datumen 15\/1 &#8211; 11\/6 2026.<br \/><strong>Plats<\/strong>: <a href=\"https:\/\/maps.app.goo.gl\/kkpta4JCUgDpJbRAA\">Bj\u00f6rks\u00e4terkyrkan<\/a> p\u00e5 Kapellgatan 2 i B\u00e5lsta.<br \/><strong>Tid<\/strong>: torsdagar kl 19:00- 21:30<\/p>\n<p>Det finns toaletter och k\u00f6k att tillg\u00e5. Parkeringsplats utanf\u00f6r kyrkan.<\/p>\n<p>Vi tar g\u00e4rna emot fler k\u00f6rs\u00e5ngare. Eftersom repertoaren \u00e4r p\u00e5 en lite h\u00f6gre niv\u00e5 kr\u00e4vs viss s\u00e5ng\/k\u00f6rvana och g\u00e4rna notkunskap. Kontakta v\u00e5r k\u00f6rledare Gunnar Klum: <a href=\"tel:0707720945\">0707-72 09 45<\/a><\/p>\n\n\n<figure class=\"wp-block-gallery has-nested-images columns-default is-cropped wp-block-gallery-1 is-layout-flex wp-block-gallery-is-layout-flex\">\n<figure class=\"wp-block-image\"><img decoding=\"async\" data-id=\"3744\" src=\"https:\/\/www.balstakammarkor.se\/wp-content\/uploads\/2025\/01\/440195859_7828990680465922_7095732469845654021_n-1-1024x768.jpg\" alt=\"\" class=\"wp-image-3744\"\/><\/figure>\n<\/figure>\n","protected":false},"excerpt":{"rendered":"<p>B\u00e5lsta kammark\u00f6r \u00e4r en frist\u00e5ende k\u00f6r med n\u00e4rmast 30 s\u00e5ngare som \u00f6var en g\u00e5ng i veckan vid Bj\u00f6rks\u00e4terkyrkan i B\u00e5lsta och som har flera konserter per termin med varierande repertoar. Vi var en del av H\u00e5bo pastorat i drygt 40 \u00e5r. P\u00e5 sommaren 2024 best\u00e4mde k\u00f6ren att f\u00f6lja med k\u00f6rledaren Gunnar Klum och forts\u00e4tta att &hellip; <a href=\"https:\/\/xn--blstakammarkr-pfb0y.se\/?page_id=18\" class=\"more-link\">Forts\u00e4tt l\u00e4sa <span class=\"screen-reader-text\">B\u00c5LSTA KAMMARK\u00d6R<\/span> <span class=\"meta-nav\">&rarr;<\/span><\/a><\/p>\n","protected":false},"author":1,"featured_media":0,"parent":0,"menu_order":0,"comment_status":"closed","ping_status":"closed","template":"page-templates\/full-width.php","meta":{"footnotes":""},"class_list":["post-18","page","type-page","status-publish","hentry"],"_links":{"self":[{"href":"https:\/\/xn--blstakammarkr-pfb0y.se\/index.php?rest_route=\/wp\/v2\/pages\/18","targetHints":{"allow":["GET"]}}],"collection":[{"href":"https:\/\/xn--blstakammarkr-pfb0y.se\/index.php?rest_route=\/wp\/v2\/pages"}],"about":[{"href":"https:\/\/xn--blstakammarkr-pfb0y.se\/index.php?rest_route=\/wp\/v2\/types\/page"}],"author":[{"embeddable":true,"href":"https:\/\/xn--blstakammarkr-pfb0y.se\/index.php?rest_route=\/wp\/v2\/users\/1"}],"replies":[{"embeddable":true,"href":"https:\/\/xn--blstakammarkr-pfb0y.se\/index.php?rest_route=%2Fwp%2Fv2%2Fcomments&post=18"}],"version-history":[{"count":2,"href":"https:\/\/xn--blstakammarkr-pfb0y.se\/index.php?rest_route=\/wp\/v2\/pages\/18\/revisions"}],"predecessor-version":[{"id":4352,"href":"https:\/\/xn--blstakammarkr-pfb0y.se\/index.php?rest_route=\/wp\/v2\/pages\/18\/revisions\/4352"}],"wp:attachment":[{"href":"https:\/\/xn--blstakammarkr-pfb0y.se\/index.php?rest_route=%2Fwp%2Fv2%2Fmedia&parent=18"}],"curies":[{"name":"wp","href":"https:\/\/api.w.org\/{rel}","templated":true}]}}