{"id":127,"date":"2016-11-02T18:26:49","date_gmt":"2016-11-02T17:26:49","guid":{"rendered":"https:\/\/www.balstakammarkor.se\/?page_id=127"},"modified":"2026-03-19T13:52:11","modified_gmt":"2026-03-19T12:52:11","slug":"lyssna","status":"publish","type":"page","link":"https:\/\/xn--blstakammarkr-pfb0y.se\/?page_id=127","title":{"rendered":"LYSSNA"},"content":{"rendered":"<h4>V\u00e5r YouTube-kanal:<\/h4>\n<p><a href=\"https:\/\/www.youtube.com\/@balstakammarkor9078\">https:\/\/www.youtube.com\/@balstakammarkor9078<\/a><\/p>\n<h4>Halleluja-k\u00f6ren ur H\u00e4ndels Messias:<\/h4>\n<h4><a href=\"https:\/\/youtu.be\/IYF6dACer-c\">https:\/\/youtu.be\/IYF6dACer-c<\/a><\/h4>\n<h4>Candellight carol av Rutter:<\/h4>\n<p><iframe loading=\"lazy\" title=\"Candlelight Carol\/Rutter med B\u00e5lsta Kammark\u00f6r dirigerad av Gunnar Klum.\" width=\"474\" height=\"267\" src=\"https:\/\/www.youtube.com\/embed\/xAG0fcjzqlM?feature=oembed\" frameborder=\"0\" allow=\"accelerometer; autoplay; clipboard-write; encrypted-media; gyroscope; picture-in-picture; web-share\" referrerpolicy=\"strict-origin-when-cross-origin\" allowfullscreen><\/iframe><\/p>\n<h4>N\u00e5gra ljudupptagningar:<\/h4>\n<audio class=\"wp-audio-shortcode\" id=\"audio-127-1\" preload=\"none\" style=\"width: 100%;\" controls=\"controls\"><source type=\"audio\/mpeg\" src=\"https:\/\/xn--blstakammarkr-pfb0y.se\/wp-content\/uploads\/2016\/11\/Handel-Utrecht-Te-Deum-Sats-10.mp3?_=1\" \/><a href=\"https:\/\/xn--blstakammarkr-pfb0y.se\/wp-content\/uploads\/2016\/11\/Handel-Utrecht-Te-Deum-Sats-10.mp3\">https:\/\/xn--blstakammarkr-pfb0y.se\/wp-content\/uploads\/2016\/11\/Handel-Utrecht-Te-Deum-Sats-10.mp3<\/a><\/audio>\n<p><em>Utrecht Te Deum<\/em>, sats 10, G F H\u00e4ndel\u00a0 fr\u00e5n konserten i Skokloster 9 april 2017<\/p>\n<audio class=\"wp-audio-shortcode\" id=\"audio-127-2\" preload=\"none\" style=\"width: 100%;\" controls=\"controls\"><source type=\"audio\/mpeg\" src=\"https:\/\/xn--blstakammarkr-pfb0y.se\/wp-content\/uploads\/2016\/11\/Verdi-Nebukadnessar-Fangarnas-kor.mp3?_=2\" \/><a href=\"https:\/\/xn--blstakammarkr-pfb0y.se\/wp-content\/uploads\/2016\/11\/Verdi-Nebukadnessar-Fangarnas-kor.mp3\">https:\/\/xn--blstakammarkr-pfb0y.se\/wp-content\/uploads\/2016\/11\/Verdi-Nebukadnessar-Fangarnas-kor.mp3<\/a><\/audio>\n<p><em>F\u00e5ngarnas k\u00f6r ur <em>Nebukadnessar<\/em> <\/em>av G Verdi fr\u00e5n konserten i Skokloster 9 april 2017<\/p>\n<audio class=\"wp-audio-shortcode\" id=\"audio-127-3\" preload=\"none\" style=\"width: 100%;\" controls=\"controls\"><source type=\"audio\/mpeg\" src=\"https:\/\/xn--blstakammarkr-pfb0y.se\/wp-content\/uploads\/2016\/11\/Om-du-har-en-ortagard.mp3?_=3\" \/><a href=\"https:\/\/xn--blstakammarkr-pfb0y.se\/wp-content\/uploads\/2016\/11\/Om-du-har-en-ortagard.mp3\">https:\/\/xn--blstakammarkr-pfb0y.se\/wp-content\/uploads\/2016\/11\/Om-du-har-en-ortagard.mp3<\/a><\/audio>\n<p><em>Om du har en \u00f6rtag\u00e5rd <\/em>av L Boldemann, fr\u00e5n f\u00f6rsommarkonserten 3 juni 2017 i \u00d6vergrans kyrka<\/p>\n<audio class=\"wp-audio-shortcode\" id=\"audio-127-4\" preload=\"none\" style=\"width: 100%;\" controls=\"controls\"><source type=\"audio\/mpeg\" src=\"https:\/\/xn--blstakammarkr-pfb0y.se\/wp-content\/uploads\/2016\/11\/Dotter-Sion.mp3?_=4\" \/><a href=\"https:\/\/xn--blstakammarkr-pfb0y.se\/wp-content\/uploads\/2016\/11\/Dotter-Sion.mp3\">https:\/\/xn--blstakammarkr-pfb0y.se\/wp-content\/uploads\/2016\/11\/Dotter-Sion.mp3<\/a><\/audio>\n<p><em>Dotter Sion<\/em> av G F H\u00e4ndel, fr\u00e5n julkonserten 10 dec 2016 i Kyrkcentrum<\/p>\n<audio class=\"wp-audio-shortcode\" id=\"audio-127-5\" preload=\"none\" style=\"width: 100%;\" controls=\"controls\"><source type=\"audio\/mpeg\" src=\"https:\/\/xn--blstakammarkr-pfb0y.se\/wp-content\/uploads\/2016\/11\/Halleluja.mp3?_=5\" \/><a href=\"https:\/\/xn--blstakammarkr-pfb0y.se\/wp-content\/uploads\/2016\/11\/Halleluja.mp3\">https:\/\/xn--blstakammarkr-pfb0y.se\/wp-content\/uploads\/2016\/11\/Halleluja.mp3<\/a><\/audio>\n<p><em>Halleluja<\/em> ur <em>Messias<\/em> av G F H\u00e4ndel, fr\u00e5n julkonserten 10 dec 2016 i Kyrkcentrum<\/p>\n<audio class=\"wp-audio-shortcode\" id=\"audio-127-6\" preload=\"none\" style=\"width: 100%;\" controls=\"controls\"><source type=\"audio\/mpeg\" src=\"https:\/\/xn--blstakammarkr-pfb0y.se\/wp-content\/uploads\/2016\/11\/Bogoroditse-Devo-Cathedral-.mp3?_=6\" \/><a href=\"https:\/\/xn--blstakammarkr-pfb0y.se\/wp-content\/uploads\/2016\/11\/Bogoroditse-Devo-Cathedral-.mp3\">https:\/\/xn--blstakammarkr-pfb0y.se\/wp-content\/uploads\/2016\/11\/Bogoroditse-Devo-Cathedral-.mp3<\/a><\/audio>\n<p><em>Bogoroditse Devo <\/em>av S Rachmaninoff, fr\u00e5n konsert <em>&#8221;H\u00f6stf\u00e4rger&#8221;<\/em> 29 okt 2016 i \u00d6vergrans kyrka<em><br \/>\n<\/em><\/p>\n<audio class=\"wp-audio-shortcode\" id=\"audio-127-7\" preload=\"none\" style=\"width: 100%;\" controls=\"controls\"><source type=\"audio\/mpeg\" src=\"https:\/\/xn--blstakammarkr-pfb0y.se\/wp-content\/uploads\/2016\/10\/kyrie.mp3?_=7\" \/><a href=\"https:\/\/xn--blstakammarkr-pfb0y.se\/wp-content\/uploads\/2016\/10\/kyrie.mp3\">https:\/\/xn--blstakammarkr-pfb0y.se\/wp-content\/uploads\/2016\/10\/kyrie.mp3<\/a><\/audio>\n<p><em>Kyrie<\/em> ur <em>Lilla orgelm\u00e4ssan<\/em> av J Haydn, fr\u00e5n konsert 25 okt 2015\u00a0i Kyrkcentrum B\u00e5lsta<\/p>\n","protected":false},"excerpt":{"rendered":"<p>V\u00e5r YouTube-kanal: https:\/\/www.youtube.com\/@balstakammarkor9078 Halleluja-k\u00f6ren ur H\u00e4ndels Messias: https:\/\/youtu.be\/IYF6dACer-c Candellight carol av Rutter: N\u00e5gra ljudupptagningar: Utrecht Te Deum, sats 10, G F H\u00e4ndel\u00a0 fr\u00e5n konserten i Skokloster 9 april 2017 F\u00e5ngarnas k\u00f6r ur Nebukadnessar av G Verdi fr\u00e5n konserten i Skokloster 9 april 2017 Om du har en \u00f6rtag\u00e5rd av L Boldemann, fr\u00e5n f\u00f6rsommarkonserten 3 juni &hellip; <a href=\"https:\/\/xn--blstakammarkr-pfb0y.se\/?page_id=127\" class=\"more-link\">Forts\u00e4tt l\u00e4sa <span class=\"screen-reader-text\">LYSSNA<\/span> <span class=\"meta-nav\">&rarr;<\/span><\/a><\/p>\n","protected":false},"author":1,"featured_media":0,"parent":0,"menu_order":0,"comment_status":"closed","ping_status":"closed","template":"","meta":{"footnotes":""},"class_list":["post-127","page","type-page","status-publish","hentry"],"_links":{"self":[{"href":"https:\/\/xn--blstakammarkr-pfb0y.se\/index.php?rest_route=\/wp\/v2\/pages\/127","targetHints":{"allow":["GET"]}}],"collection":[{"href":"https:\/\/xn--blstakammarkr-pfb0y.se\/index.php?rest_route=\/wp\/v2\/pages"}],"about":[{"href":"https:\/\/xn--blstakammarkr-pfb0y.se\/index.php?rest_route=\/wp\/v2\/types\/page"}],"author":[{"embeddable":true,"href":"https:\/\/xn--blstakammarkr-pfb0y.se\/index.php?rest_route=\/wp\/v2\/users\/1"}],"replies":[{"embeddable":true,"href":"https:\/\/xn--blstakammarkr-pfb0y.se\/index.php?rest_route=%2Fwp%2Fv2%2Fcomments&post=127"}],"version-history":[{"count":7,"href":"https:\/\/xn--blstakammarkr-pfb0y.se\/index.php?rest_route=\/wp\/v2\/pages\/127\/revisions"}],"predecessor-version":[{"id":4367,"href":"https:\/\/xn--blstakammarkr-pfb0y.se\/index.php?rest_route=\/wp\/v2\/pages\/127\/revisions\/4367"}],"wp:attachment":[{"href":"https:\/\/xn--blstakammarkr-pfb0y.se\/index.php?rest_route=%2Fwp%2Fv2%2Fmedia&parent=127"}],"curies":[{"name":"wp","href":"https:\/\/api.w.org\/{rel}","templated":true}]}}